{"id":2202,"date":"2018-02-27T23:15:48","date_gmt":"2018-02-27T23:15:48","guid":{"rendered":"https:\/\/calcal.uk\/calcalin-bazi-ozellikleri\/isletme-turleri\/"},"modified":"2018-02-27T23:15:51","modified_gmt":"2018-02-27T23:15:51","slug":"isletme-turleri","status":"publish","type":"page","link":"https:\/\/calcal.uk\/tr\/calcalin-bazi-ozellikleri\/isletme-turleri\/","title":{"rendered":"\u0130\u015fletme T\u00fcrleri"},"content":{"rendered":"<div class=\"wpb-content-wrapper\">[vc_row][vc_column][vc_column_text]Kaydolurken arama motorundan i\u015f alan\u0131n\u0131z\u0131 se\u00e7in ve biz CalCal tecr\u00fcbenizi hemen ba\u015flatal\u0131m&#8230;[\/vc_column_text][vc_separator][\/vc_column][\/vc_row][vc_row][vc_column width=&#8221;1\/2&#8243;][vc_single_image image=&#8221;1236&#8243; img_size=&#8221;full&#8221;][\/vc_column][vc_column width=&#8221;1\/2&#8243;][vc_custom_heading text=&#8221;Pencere Temizleyicileri&#8221; use_theme_fonts=&#8221;yes&#8221;][vc_column_text]Yeni bir harcama m\u0131 yapt\u0131n\u0131z? Ki\u015fisel harcama kategorileriniz sizinle birlikte geli\u015fecektir. Gider t\u00fcrlerini yazmaya ba\u015flay\u0131n ve CalCal size do\u011fru kategorileri kapsaml\u0131 listesi i\u00e7inden anahtar kelimeler yard\u0131m\u0131yla \u00f6nerecektir. Bir daha ki sefere yeni harcama kalemleriniz kategori listenizde olacakt\u0131r.[\/vc_column_text][vc_btn title=&#8221;Daha Fazla Bilgi&#8221; style=&#8221;flat&#8221; color=&#8221;primary&#8221;][\/vc_column][\/vc_row][vc_row][vc_column width=&#8221;1\/2&#8243;][vc_custom_heading text=&#8221;\u00c7i\u00e7ek\u00e7iler&#8221; use_theme_fonts=&#8221;yes&#8221;][vc_column_text]Belki bir \u00e7i\u00e7ek\u00e7isiniz ve bir m\u00fc\u015fterinizin size daha sonra \u00f6deme yapmas\u0131na izin veriyorsunuz. Basit: Sadece miktar\u0131 ve m\u00fc\u015fterinin ad\u0131n\u0131 girin, CalCal k\u0131smi \u00f6deme kayd\u0131 yapman\u0131za izin verir.\r\n\r\n\u0130sterseniz daha sonra bir adres ekleyip, m\u00fc\u015fterinize uyar\u0131 ekstresi g\u00f6nderin.[\/vc_column_text][vc_btn title=&#8221;Daha Fazla Bilgi&#8221; style=&#8221;flat&#8221; color=&#8221;primary&#8221;][\/vc_column][vc_column width=&#8221;1\/2&#8243;][vc_single_image image=&#8221;1232&#8243; img_size=&#8221;full&#8221;][\/vc_column][\/vc_row]<\/div>","protected":false},"excerpt":{"rendered":"[vc_row][vc_column][vc_column_text]Kaydolurken arama motorundan i\u015f alan\u0131n\u0131z\u0131 se\u00e7in ve biz CalCal tecr\u00fcbenizi hemen ba\u015flatal\u0131m&#8230;[\/vc_column_text][vc_separator][\/vc_column][\/vc_row][vc_row][vc_column width=&#8221;1\/2&#8243;][vc_single_image image=&#8221;1236&#8243; img_size=&#8221;full&#8221;][\/vc_column][vc_column width=&#8221;1\/2&#8243;][vc_custom_heading text=&#8221;Pencere Temizleyicileri&#8221; use_theme_fonts=&#8221;yes&#8221;][vc_column_text]Yeni bir harcama m\u0131 yapt\u0131n\u0131z? Ki\u015fisel harcama kategorileriniz sizinle birlikte geli\u015fecektir. Gider t\u00fcrlerini yazmaya ba\u015flay\u0131n ve CalCal size do\u011fru kategorileri kapsaml\u0131 listesi i\u00e7inden anahtar kelimeler yard\u0131m\u0131yla \u00f6nerecektir. Bir daha ki sefere yeni harcama kalemleriniz kategori listenizde olacakt\u0131r.[\/vc_column_text][vc_btn &#8230; <a title=\"\u0130\u015fletme T\u00fcrleri\" class=\"read-more\" href=\"https:\/\/calcal.uk\/tr\/calcalin-bazi-ozellikleri\/isletme-turleri\/\" aria-label=\"Read more about \u0130\u015fletme T\u00fcrleri\">Read more<\/a>","protected":false},"author":271,"featured_media":0,"parent":2161,"menu_order":0,"comment_status":"closed","ping_status":"closed","template":"","meta":{"pmpro_default_level":"","footnotes":""},"class_list":{"0":"post-2202","1":"page","2":"type-page","3":"status-publish","5":"infinite-scroll-item","6":"pmpro-has-access"},"_links":{"self":[{"href":"https:\/\/calcal.uk\/tr\/wp-json\/wp\/v2\/pages\/2202","targetHints":{"allow":["GET"]}}],"collection":[{"href":"https:\/\/calcal.uk\/tr\/wp-json\/wp\/v2\/pages"}],"about":[{"href":"https:\/\/calcal.uk\/tr\/wp-json\/wp\/v2\/types\/page"}],"author":[{"embeddable":true,"href":"https:\/\/calcal.uk\/tr\/wp-json\/wp\/v2\/users\/271"}],"replies":[{"embeddable":true,"href":"https:\/\/calcal.uk\/tr\/wp-json\/wp\/v2\/comments?post=2202"}],"version-history":[{"count":6,"href":"https:\/\/calcal.uk\/tr\/wp-json\/wp\/v2\/pages\/2202\/revisions"}],"predecessor-version":[{"id":2208,"href":"https:\/\/calcal.uk\/tr\/wp-json\/wp\/v2\/pages\/2202\/revisions\/2208"}],"up":[{"embeddable":true,"href":"https:\/\/calcal.uk\/tr\/wp-json\/wp\/v2\/pages\/2161"}],"wp:attachment":[{"href":"https:\/\/calcal.uk\/tr\/wp-json\/wp\/v2\/media?parent=2202"}],"curies":[{"name":"wp","href":"https:\/\/api.w.org\/{rel}","templated":true}]}}