{"id":2195,"date":"2018-02-27T23:04:30","date_gmt":"2018-02-27T23:04:30","guid":{"rendered":"https:\/\/calcal.uk\/hakkimizda\/"},"modified":"2018-08-29T17:34:55","modified_gmt":"2018-08-29T17:34:55","slug":"hakkimizda","status":"publish","type":"page","link":"https:\/\/calcal.uk\/tr\/hakkimizda\/","title":{"rendered":"Hakk\u0131m\u0131zda"},"content":{"rendered":"<div class=\"wpb-content-wrapper\">[vc_row full_width=&#8221;stretch_row&#8221; css=&#8221;.vc_custom_1506588564650{padding-top: 100px !important;padding-bottom: 100px !important;background-image: url(https:\/\/calcal.uk\/content\/uploads\/2016\/04\/team-wide-1.jpg?id=913) !important;background-position: center !important;background-repeat: no-repeat !important;background-size: cover !important;}&#8221;][vc_column width=&#8221;1\/4&#8243;][\/vc_column][vc_column width=&#8221;1\/2&#8243;][vc_single_image image=&#8221;342&#8243; alignment=&#8221;center&#8221; style=&#8221;vc_box_border_circle&#8221; border_color=&#8221;white&#8221;][vc_custom_heading text=&#8221;CalCal<sup>\u00ae<\/sup>&#8221; font_container=&#8221;tag:h1|text_align:center|color:%23ffffff&#8221; use_theme_fonts=&#8221;yes&#8221;][vc_column_text]<p style=\"text-align: center\"><span style=\"color: #ffffff\"><strong>K\u00fc\u00e7\u00fck i\u015fletmeler i\u00e7in basit ama g\u00fc\u00e7l\u00fc muhasebe. <\/strong><\/span><\/p>\r\n<p style=\"text-align: center\"><span style=\"color: #ffffff\"><strong>\u00a0<\/strong><\/span><\/p>\r\n<p style=\"text-align: center\"><span style=\"color: #ffffff\"><strong>T\u00fcm makbuz, gider, m\u00fc\u015fteri, fatura, KDV \u00a0(VAT) ve vergi iadelerinizi tek bir yerden y\u00f6netin.<\/strong><\/span><\/p>\r\n<p style=\"text-align: center\"><span style=\"color: #ffffff\">place.<\/span><\/p>[\/vc_column_text][vc_btn title=&#8221;\u00d6zellikleri G\u00f6r\u00fcn&#8221; style=&#8221;outline&#8221; color=&#8221;white&#8221; align=&#8221;center&#8221; link=&#8221;url:https%3A%2F%2Fcalcal.uk%2Fcalcalin-bazi-ozellikleri%2F|&#8221;][\/vc_column][vc_column width=&#8221;1\/4&#8243;][\/vc_column][\/vc_row][vc_row][vc_column width=&#8221;1\/2&#8243;][vc_column_text]<h3>Yarat\u0131c\u0131l\u0131<strong>\u011f<\/strong>\u0131 Seviyoruz<\/h3>\r\nBiz, hedefi k\u00fc\u00e7\u00fck i\u015fletmeler i\u00e7in daha kolay, daha basit ve daha ucuz muhasebe yapma imkan\u0131 vermek olan k\u00fc\u00e7\u00fck bir \u0130ngiliz \u015firketiyiz. \u0130nan\u0131yoruz ki i\u015f ba\u015f\u0131nda olan ve do\u011fru kay\u0131tlar tutan sizseniz, \u00a0sistemimiz yarar\u0131n\u0131za olacakd\u0131r. Sistemimiz size anl\u0131k raporlama imkan\u0131 verir ve b\u00f6ylece i\u015finizin nas\u0131l \u00a0gitti\u011fini, ne kadar vergi borcunuz oldu\u011funu g\u00f6rebilirsiniz.[\/vc_column_text][\/vc_column][vc_column width=&#8221;1\/2&#8243;][vc_column_text]<h3>Sizi Ba\u011fl\u0131yoruz<\/h3>\r\nVe bir \u0130ngiliz \u015firketi oldu\u011fumuz i\u00e7in, CalCal <a href=\"https:\/\/www.gov.uk\/government\/publications\/self-assessment-commercial-software-suppliers\/self-assessment-online-commercial-software-suppliers#calcal-ltd\">HMRC<\/a> ile entegre olarak, size KDV ve vergi beyannamenizi elektronik olarak, do\u011frudan CalCal program \u00fczerinden g\u00f6nderme imkan\u0131 \u00a0veririz. T\u00fcm rakamlar\u0131 \u00f6nceden sizin i\u00e7in doldurur.\r\n\r\nCalCal, banka hesab\u0131n\u0131zdan i\u015flemlerinizi sistemimize aktarabilmeniz i\u00e7in <a href=\"https:\/\/www.saltedge.com\/\">Saltedge <\/a> ile birlikte \u00e7al\u0131\u015fmaktad\u0131r.[\/vc_column_text][\/vc_column][\/vc_row]<\/div>","protected":false},"excerpt":{"rendered":"[vc_row full_width=&#8221;stretch_row&#8221; css=&#8221;.vc_custom_1506588564650{padding-top: 100px !important;padding-bottom: 100px !important;background-image: url(https:\/\/calcal.uk\/content\/uploads\/2016\/04\/team-wide-1.jpg?id=913) !important;background-position: center !important;background-repeat: no-repeat !important;background-size: cover !important;}&#8221;][vc_column width=&#8221;1\/4&#8243;][\/vc_column][vc_column width=&#8221;1\/2&#8243;][vc_single_image image=&#8221;342&#8243; alignment=&#8221;center&#8221; style=&#8221;vc_box_border_circle&#8221; border_color=&#8221;white&#8221;][vc_custom_heading text=&#8221;CalCal\u00ae&#8221; font_container=&#8221;tag:h1|text_align:center|color:%23ffffff&#8221; use_theme_fonts=&#8221;yes&#8221;][vc_column_text]K\u00fc\u00e7\u00fck i\u015fletmeler i\u00e7in basit ama g\u00fc\u00e7l\u00fc muhasebe. \u00a0 T\u00fcm makbuz, gider, m\u00fc\u015fteri, fatura, KDV \u00a0(VAT) ve vergi iadelerinizi tek bir yerden y\u00f6netin. place.[\/vc_column_text][vc_btn title=&#8221;\u00d6zellikleri G\u00f6r\u00fcn&#8221; style=&#8221;outline&#8221; color=&#8221;white&#8221; align=&#8221;center&#8221; link=&#8221;url:https%3A%2F%2Fcalcal.uk%2Fcalcalin-bazi-ozellikleri%2F|&#8221;][\/vc_column][vc_column width=&#8221;1\/4&#8243;][\/vc_column][\/vc_row][vc_row][vc_column width=&#8221;1\/2&#8243;][vc_column_text]Yarat\u0131c\u0131l\u0131\u011f\u0131 Seviyoruz &#8230; <a title=\"Hakk\u0131m\u0131zda\" class=\"read-more\" href=\"https:\/\/calcal.uk\/tr\/hakkimizda\/\" aria-label=\"Read more about Hakk\u0131m\u0131zda\">Read more<\/a>","protected":false},"author":271,"featured_media":0,"parent":0,"menu_order":0,"comment_status":"closed","ping_status":"closed","template":"","meta":{"pmpro_default_level":"","footnotes":""},"class_list":{"0":"post-2195","1":"page","2":"type-page","3":"status-publish","5":"infinite-scroll-item","6":"pmpro-has-access"},"_links":{"self":[{"href":"https:\/\/calcal.uk\/tr\/wp-json\/wp\/v2\/pages\/2195","targetHints":{"allow":["GET"]}}],"collection":[{"href":"https:\/\/calcal.uk\/tr\/wp-json\/wp\/v2\/pages"}],"about":[{"href":"https:\/\/calcal.uk\/tr\/wp-json\/wp\/v2\/types\/page"}],"author":[{"embeddable":true,"href":"https:\/\/calcal.uk\/tr\/wp-json\/wp\/v2\/users\/271"}],"replies":[{"embeddable":true,"href":"https:\/\/calcal.uk\/tr\/wp-json\/wp\/v2\/comments?post=2195"}],"version-history":[{"count":7,"href":"https:\/\/calcal.uk\/tr\/wp-json\/wp\/v2\/pages\/2195\/revisions"}],"predecessor-version":[{"id":2404,"href":"https:\/\/calcal.uk\/tr\/wp-json\/wp\/v2\/pages\/2195\/revisions\/2404"}],"wp:attachment":[{"href":"https:\/\/calcal.uk\/tr\/wp-json\/wp\/v2\/media?parent=2195"}],"curies":[{"name":"wp","href":"https:\/\/api.w.org\/{rel}","templated":true}]}}