{"id":2161,"date":"2018-02-26T23:59:30","date_gmt":"2018-02-26T23:59:30","guid":{"rendered":"https:\/\/calcal.uk\/calcalin-bazi-ozellikleri\/"},"modified":"2018-08-29T15:43:43","modified_gmt":"2018-08-29T15:43:43","slug":"calcalin-bazi-ozellikleri","status":"publish","type":"page","link":"https:\/\/calcal.uk\/tr\/calcalin-bazi-ozellikleri\/","title":{"rendered":"CalCal&#8217;\u0131n Baz\u0131 \u00d6zellikleri"},"content":{"rendered":"<div class=\"wpb-content-wrapper\">[vc_row][vc_column][layerslider_vc id=&#8221;14&#8243;][\/vc_column][\/vc_row][vc_row gap=&#8221;20&#8243; equal_height=&#8221;yes&#8221;][vc_column width=&#8221;1\/3&#8243; css=&#8221;.vc_custom_1506077542856{background-color: #0893d2 !important;border-radius: 10px !important;}&#8221;][vc_icon type=&#8221;material&#8221; icon_material=&#8221;vc-material vc-material-receipt&#8221; color=&#8221;white&#8221; background_style=&#8221;rounded&#8221; background_color=&#8221;custom&#8221; size=&#8221;lg&#8221; align=&#8221;center&#8221; custom_background_color=&#8221;#f2d357&#8243;][vc_custom_heading text=&#8221;Fatura kesmek&#8221; font_container=&#8221;tag:h4|text_align:center|color:%23ffffff&#8221; use_theme_fonts=&#8221;yes&#8221; css=&#8221;.vc_custom_1506065433797{padding-right: 35px !important;padding-left: 35px !important;}&#8221;][vc_column_text css=&#8221;.vc_custom_1506077848087{padding-right: 35px !important;padding-left: 35px !important;}&#8221;]\r\n<p style=\"text-align: center\"><strong><span style=\"color: #ffffff\">Kolayca<\/span> <span style=\"color: #ffffff\">profesyonel fatura olu\u015fturabilir ve e-postalayabilirsiniz. <\/span><\/strong><\/p>\r\n<p style=\"text-align: center\"><span style=\"color: #ffffff\"><strong>M\u00fc\u015fteri bor\u00e7lar\u0131n\u0131 izleyin. Ekstresler g\u00f6nderin.<\/strong><\/span><\/p>\r\n[\/vc_column_text][vc_btn title=&#8221;Daha Fazla Bilgi&#8221; style=&#8221;outline&#8221; shape=&#8221;round&#8221; color=&#8221;white&#8221; align=&#8221;center&#8221; css=&#8221;.vc_custom_1506089182249{padding-bottom: 35px !important;}&#8221; link=&#8221;url:https%3A%2F%2Fcalcal.uk%2Ftr%2Fmusteriler%2F|&#8221;][\/vc_column][vc_column width=&#8221;1\/3&#8243; css=&#8221;.vc_custom_1506077453169{background-color: #438eb9 !important;border-radius: 10px !important;}&#8221;][vc_icon type=&#8221;material&#8221; icon_material=&#8221;vc-material vc-material-border_color&#8221; color=&#8221;white&#8221; background_style=&#8221;rounded&#8221; background_color=&#8221;custom&#8221; size=&#8221;lg&#8221; align=&#8221;center&#8221; custom_background_color=&#8221;#f2d357&#8243;][vc_custom_heading text=&#8221;\u00d6nceden doldurulmu\u015f \u00d6z De\u011ferlendirme (Self Assessment)&#8221; font_container=&#8221;tag:h4|text_align:center|color:%23ffffff&#8221; use_theme_fonts=&#8221;yes&#8221; css=&#8221;.vc_custom_1506065547130{padding-right: 35px !important;padding-left: 35px !important;}&#8221;][vc_column_text css=&#8221;.vc_custom_1506077915985{padding-right: 35px !important;padding-left: 35px !important;}&#8221;]\r\n<p style=\"text-align: center\"><span style=\"color: #ffffff\"><strong>\u015eah\u0131s firmalar\u0131 i\u00e7in: CalCal \u00f6z-de\u011ferlendirme (self assessment) formunuzu \u00f6nceden doldurur. <\/strong><\/span><\/p>\r\n<p style=\"text-align: center\"><span style=\"color: #ffffff\"><strong>\u00a0<\/strong><\/span><\/p>\r\n<p style=\"text-align: center\"><span style=\"color: #ffffff\"><strong>Birka\u00e7 t\u0131klamayla iade formunuzu g\u00f6nderebilirsiniz.<\/strong><\/span><\/p>\r\n[\/vc_column_text][vc_btn title=&#8221;Daha Fazla Bilgi&#8221; style=&#8221;outline&#8221; shape=&#8221;round&#8221; color=&#8221;white&#8221; align=&#8221;center&#8221; css=&#8221;.vc_custom_1506089201518{padding-bottom: 35px !important;}&#8221; link=&#8221;url:https%3A%2F%2Fcalcal.uk%2Ftr%2Foz-degerlendirme-self-assessment%2F|&#8221;][\/vc_column][vc_column width=&#8221;1\/3&#8243; css=&#8221;.vc_custom_1506077552087{background-color: #0893d2 !important;border-radius: 10px !important;}&#8221;][vc_icon type=&#8221;material&#8221; icon_material=&#8221;vc-material vc-material-cloud_download&#8221; color=&#8221;white&#8221; background_style=&#8221;rounded&#8221; background_color=&#8221;custom&#8221; size=&#8221;lg&#8221; align=&#8221;center&#8221; custom_background_color=&#8221;#f2d357&#8243;][vc_custom_heading text=&#8221;Banka Ekstresi&#8221; font_container=&#8221;tag:h4|text_align:center|color:%23ffffff&#8221; use_theme_fonts=&#8221;yes&#8221; css=&#8221;.vc_custom_1506065663569{padding-right: 35px !important;padding-left: 35px !important;}&#8221;][vc_column_text css=&#8221;.vc_custom_1506078005782{padding-right: 35px !important;padding-left: 35px !important;}&#8221;]\r\n<p style=\"text-align: center\"><span style=\"color: #ffffff\">\u0130\u015flemleri banka hesab\u0131n\u0131zdan s\u00fcr\u00fckleyip, CalCal\u2019a b\u0131rak\u0131n. <\/span><\/p>\r\n<p style=\"text-align: center\"><span style=\"color: #ffffff\">\u00a0<\/span><\/p>\r\n<p style=\"text-align: center\"><span style=\"color: #ffffff\">Yeni banka i\u015flemleriniz g\u00fcnl\u00fck olarak g\u00fcncellenecektir.<\/span><\/p>\r\n[\/vc_column_text][vc_btn title=&#8221;Daha Fazla Bilgi&#8221; style=&#8221;outline&#8221; shape=&#8221;round&#8221; color=&#8221;white&#8221; align=&#8221;center&#8221; css=&#8221;.vc_custom_1506089228489{padding-bottom: 35px !important;}&#8221; link=&#8221;url:%2F%3Fpage_id%3D1340|&#8221;][\/vc_column][\/vc_row][vc_row][vc_column css=&#8221;.vc_custom_1506077775807{background-color: #60add1 !important;border-radius: 3px !important;}&#8221;][vc_cta h2=&#8221;\u015eah\u0131s ve Limited Firmalar\u0131 \u0130\u00e7in&#8221;]<pre>Tek ba\u015f\u0131n\u0131za m\u0131 ticaret yap\u0131yorsunuz, yoksa bir \u015firket olarak m\u0131?CalCal her ikisi i\u00e7in de i\u015fe yarar, \u00fcstelik \u00fccretsizdir. \u015eahsi t\u00fcccarlara \u00d6z De\u011ferlendirme (self-assessment) raporlar\u0131 i\u00e7in bir vergi tahmin raporu, Limited \u015eirketlere de kurumlar vergisi i\u00e7in tahmini bir rapor temin edilir.<\/pre>[\/vc_cta][\/vc_column][\/vc_row][vc_row gap=&#8221;20&#8243; equal_height=&#8221;yes&#8221;][vc_column width=&#8221;1\/3&#8243; css=&#8221;.vc_custom_1506077625961{background-color: #438eb9 !important;border-radius: 10px !important;}&#8221;][vc_icon type=&#8221;material&#8221; icon_material=&#8221;vc-material vc-material-local_laundry_service&#8221; color=&#8221;white&#8221; background_style=&#8221;rounded&#8221; background_color=&#8221;custom&#8221; size=&#8221;lg&#8221; align=&#8221;center&#8221; custom_background_color=&#8221;#f2d357&#8243;][vc_custom_heading text=&#8221;K\u0131ymetler Ve Sermaye \u00d6denekleri&#8221; font_container=&#8221;tag:h4|text_align:center|color:%23ffffff&#8221; use_theme_fonts=&#8221;yes&#8221; css=&#8221;.vc_custom_1506066154556{padding-right: 35px !important;padding-left: 35px !important;}&#8221;][vc_column_text css=&#8221;.vc_custom_1506078066885{padding-right: 35px !important;padding-left: 35px !important;}&#8221;]\r\n<p style=\"text-align: center\"><span style=\"color: #ffffff\">\u0130\u015finiz i\u00e7in sat\u0131n ald\u0131\u011f\u0131n\u0131z, ara\u00e7lar, araba ya da kamyonet gibi harcamalara kar\u015f\u0131 \u00f6denek talep edin. <\/span><\/p>\r\n<p style=\"text-align: center\"><span style=\"color: #ffffff\">\u00a0<\/span><\/p>\r\n<p style=\"text-align: center\"><span style=\"color: #ffffff\">CalCal izniniz olan miktar\u0131 vergi faturan\u0131zdan otomatik olarak indirecektir.<\/span><\/p>\r\n[\/vc_column_text][vc_btn title=&#8221;Daha Fazla Bilgi&#8221; style=&#8221;outline&#8221; shape=&#8221;round&#8221; color=&#8221;white&#8221; align=&#8221;center&#8221; css=&#8221;.vc_custom_1506089251953{padding-bottom: 35px !important;}&#8221; link=&#8221;url:https%3A%2F%2Fcalcal.uk%2Fhelp%2Fwebapp%2Ftransactions%2Fassets%2F|&#8221;][\/vc_column][vc_column width=&#8221;1\/3&#8243; css=&#8221;.vc_custom_1506077684501{background-color: #0893d2 !important;border-radius: 10px !important;}&#8221;][vc_icon type=&#8221;material&#8221; icon_material=&#8221;vc-material vc-material-picture_as_pdf&#8221; color=&#8221;white&#8221; background_style=&#8221;rounded&#8221; background_color=&#8221;custom&#8221; size=&#8221;lg&#8221; align=&#8221;center&#8221; custom_background_color=&#8221;#f2d357&#8243;][vc_custom_heading text=&#8221;Raporlar&#8221; font_container=&#8221;tag:h4|text_align:center|color:%23ffffff&#8221; use_theme_fonts=&#8221;yes&#8221; css=&#8221;.vc_custom_1506066284169{padding-right: 35px !important;padding-left: 35px !important;}&#8221;][vc_column_text css=&#8221;.vc_custom_1506078126766{padding-right: 35px !important;padding-left: 35px !important;}&#8221;]\r\n<p style=\"text-align: center\"><span style=\"color: #ffffff\"><strong>Basit ve etkili grafikler. H\u0131zla vergi pozisyonunuzu g\u00f6zden ge\u00e7irin. <\/strong><\/span><\/p>\r\n<p style=\"text-align: center\"><span style=\"color: #ffffff\"><strong>\u00a0<\/strong><\/span><\/p>\r\n<p style=\"text-align: center\"><span style=\"color: #ffffff\"><strong>Kar ve zarar, mizan ve KDV (VAT) i\u00e7in ayr\u0131nt\u0131l\u0131 PDF raporlar\u0131 &#8211; i\u015finizin kontrol\u00fc sizde.<\/strong><\/span><\/p>\r\n[\/vc_column_text][vc_btn title=&#8221;Daha Fazla Bilgi&#8221; style=&#8221;outline&#8221; shape=&#8221;round&#8221; color=&#8221;white&#8221; align=&#8221;center&#8221; css=&#8221;.vc_custom_1506089272825{padding-bottom: 35px !important;}&#8221; link=&#8221;url:https%3A%2F%2Fcalcal.uk%2Ftr%2Fraporlar%2F|&#8221;][\/vc_column][vc_column width=&#8221;1\/3&#8243; css=&#8221;.vc_custom_1506077633253{background-color: #438eb9 !important;border-radius: 10px !important;}&#8221;][vc_icon type=&#8221;material&#8221; icon_material=&#8221;vc-material vc-material-confirmation_number&#8221; color=&#8221;white&#8221; background_style=&#8221;rounded&#8221; background_color=&#8221;custom&#8221; size=&#8221;lg&#8221; align=&#8221;center&#8221; custom_background_color=&#8221;#f2d357&#8243;][vc_custom_heading text=&#8221;KDV (VAT) Iade&#8221; font_container=&#8221;tag:h4|text_align:center|color:%23ffffff&#8221; use_theme_fonts=&#8221;yes&#8221; css=&#8221;.vc_custom_1506069446978{padding-right: 35px !important;padding-left: 35px !important;}&#8221;][vc_column_text css=&#8221;.vc_custom_1506078177395{padding-right: 35px !important;padding-left: 35px !important;}&#8221;]\r\n<p style=\"text-align: center\"><span style=\"color: #ffffff\"><strong>Sadece i\u015flemlerinizi girin &#8211; CalCal ne kadar KDV \/ geri borcunuz ya da alaca\u011f\u0131n\u0131z oldugunu izler. <\/strong><\/span><\/p>\r\n<p style=\"text-align: center\"><span style=\"color: #ffffff\"><strong>\u00a0<\/strong><\/span><\/p>\r\n<p style=\"text-align: center\"><span style=\"color: #ffffff\"><strong>Sadece bir d\u00fc\u011fmeye t\u0131klayarak iade formunuzu g\u00f6nderebilir, \u00f6deme onay\u0131n\u0131z\u0131 hemen alabilirsiniz.<\/strong><\/span><\/p>\r\n[\/vc_column_text][vc_btn title=&#8221;Daha Fazla Bilgi&#8221; style=&#8221;outline&#8221; shape=&#8221;round&#8221; color=&#8221;white&#8221; align=&#8221;center&#8221; css=&#8221;.vc_custom_1506089286455{padding-bottom: 35px !important;}&#8221; link=&#8221;url:%2F%3Fpage_id%3D889|&#8221;][\/vc_column][\/vc_row][vc_row][vc_column css=&#8221;.vc_custom_1506077775807{background-color: #60add1 !important;border-radius: 3px !important;}&#8221;][vc_cta h2=&#8221;\u00dcCRETS\u0130Z Kaydolun&#8221; add_button=&#8221;right&#8221; btn_title=&#8221;Kaydol&#8221; btn_color=&#8221;orange&#8221; btn_link=&#8221;url:https%3A%2F%2Fcalcal.uk%2Fkaydol%2F|&#8221;]\u015eimdi planlar\u0131 kar\u015f\u0131la\u015ft\u0131r\u0131n ve kolayca hesaplar\u0131n\u0131z\u0131 y\u00f6netmek ba\u015flay\u0131n!\r\n\r\n![\/vc_cta][\/vc_column][\/vc_row][vc_row gap=&#8221;20&#8243; equal_height=&#8221;yes&#8221;][vc_column width=&#8221;1\/3&#8243; css=&#8221;.vc_custom_1506078685649{background-color: #2e9dd1 !important;border-radius: 10px !important;}&#8221;][vc_icon type=&#8221;material&#8221; icon_material=&#8221;vc-material vc-material-date_range&#8221; color=&#8221;white&#8221; background_style=&#8221;rounded&#8221; background_color=&#8221;custom&#8221; size=&#8221;lg&#8221; align=&#8221;center&#8221; custom_background_color=&#8221;#f2d357&#8243;][vc_custom_heading text=&#8221;Takvim Tabanl\u0131 Sistem&#8221; font_container=&#8221;tag:h4|text_align:center|color:%23ffffff&#8221; use_theme_fonts=&#8221;yes&#8221; css=&#8221;.vc_custom_1506078333003{padding-right: 35px !important;padding-left: 35px !important;}&#8221;][vc_column_text css=&#8221;.vc_custom_1506078375049{padding-right: 35px !important;padding-left: 35px !important;}&#8221;]\r\n<p style=\"text-align: center\"><span style=\"color: #ffffff\"><strong>Herhangi bir muhasebe jargonu bilmenize veya her i\u015flem i\u00e7in fatura kesmenize ya da m\u00fc\u015fteri eklemenize gerek yoktur. <\/strong><\/span><\/p>\r\n<p style=\"text-align: center\"><span style=\"color: #ffffff\"><strong>\u00a0<\/strong><\/span><\/p>\r\n<p style=\"text-align: center\"><span style=\"color: #ffffff\"><strong>Sadece g\u00fcnl\u00fck ali\u015fveri\u015flerinizi takvime kaydetmeniz yeterlidir.<\/strong><\/span><\/p>\r\n[\/vc_column_text][vc_btn title=&#8221;Daha Fazla Bilgi&#8221; style=&#8221;outline&#8221; shape=&#8221;round&#8221; color=&#8221;white&#8221; align=&#8221;center&#8221; css=&#8221;.vc_custom_1506089346775{padding-bottom: 35px !important;}&#8221; link=&#8221;url:https%3A%2F%2Fcalcal.uk%2Ftr%2Fhesap-yapan-benzersiz-bir-takvim%2F|&#8221;][\/vc_column][vc_column width=&#8221;1\/3&#8243; css=&#8221;.vc_custom_1506078693105{background-color: #438eb9 !important;border-radius: 10px !important;}&#8221;][vc_icon type=&#8221;material&#8221; icon_material=&#8221;vc-material vc-material-lock&#8221; color=&#8221;white&#8221; background_style=&#8221;rounded&#8221; background_color=&#8221;custom&#8221; size=&#8221;lg&#8221; align=&#8221;center&#8221; custom_background_color=&#8221;#f2d357&#8243;][vc_custom_heading text=&#8221;G\u00fcvenli&#8221; font_container=&#8221;tag:h4|text_align:center|color:%23ffffff&#8221; use_theme_fonts=&#8221;yes&#8221; css=&#8221;.vc_custom_1506078405984{padding-right: 35px !important;padding-left: 35px !important;}&#8221;][vc_column_text css=&#8221;.vc_custom_1524514105906{padding-right: 35px !important;padding-left: 35px !important;}&#8221;]\r\n<p style=\"text-align: center\"><span style=\"color: #ffffff\">Connections are encrypted and PIN locked. <\/span><\/p>\r\n<p style=\"text-align: center\"><span style=\"color: #ffffff\">CalCal saves as you go along, and\u00a0backs up constantly\u00a0so your data is always safe.<\/span><\/p>\r\n[\/vc_column_text][vc_btn title=&#8221;Daha Fazla Bilgi&#8221; style=&#8221;outline&#8221; shape=&#8221;round&#8221; color=&#8221;white&#8221; align=&#8221;center&#8221; css=&#8221;.vc_custom_1506089370504{padding-bottom: 35px !important;}&#8221; link=&#8221;url:%2F%3Fpage_id%3D568|&#8221;][\/vc_column][vc_column width=&#8221;1\/3&#8243; css=&#8221;.vc_custom_1506078674021{background-color: #2e9dd1 !important;border-radius: 10px !important;}&#8221;][vc_icon type=&#8221;material&#8221; icon_material=&#8221;vc-material vc-material-person_pin&#8221; color=&#8221;white&#8221; background_style=&#8221;rounded&#8221; background_color=&#8221;custom&#8221; size=&#8221;lg&#8221; align=&#8221;center&#8221; custom_background_color=&#8221;#f2d357&#8243;][vc_custom_heading text=&#8221;Size \u00d6zel Haz\u0131rlanm\u0131\u015f&#8221; font_container=&#8221;tag:h4|text_align:center|color:%23ffffff&#8221; use_theme_fonts=&#8221;yes&#8221; css=&#8221;.vc_custom_1506078522317{padding-right: 35px !important;padding-left: 35px !important;}&#8221;][vc_column_text css=&#8221;.vc_custom_1506078628751{padding-right: 35px !important;padding-left: 35px !important;}&#8221;]\r\n<p style=\"text-align: center\"><span style=\"color: #ffffff\"><strong>CalCal deneyiminizi ba\u015flatmak i\u00e7in kaydolurken ticaret veya i\u015f t\u00fcr\u00fcn\u00fcz\u00fc giriniz. <\/strong><\/span><\/p>\r\n<p style=\"text-align: center\"><span style=\"color: #ffffff\"><strong>\u00a0<\/strong><\/span><\/p>\r\n<p style=\"text-align: center\"><span style=\"color: #ffffff\"><strong>Gider kategori listesi ki\u015fiselle\u015ftirilmi\u015f, \u00f6zellikler sadece sizing \u015firketiniz i\u00e7in ayarlanm\u0131\u015ft\u0131r.<\/strong><\/span><\/p>\r\n[\/vc_column_text][vc_btn title=&#8221;Daha Fazla Bilgi&#8221; style=&#8221;outline&#8221; shape=&#8221;round&#8221; color=&#8221;white&#8221; align=&#8221;center&#8221; css=&#8221;.vc_custom_1506089409926{padding-bottom: 35px !important;}&#8221; link=&#8221;url:https%3A%2F%2Fcalcal.uk%2Fcalcalin-bazi-ozellikleri%2Fisletme-turleri%2F|&#8221;][\/vc_column][\/vc_row][vc_row][vc_column][\/vc_column][\/vc_row]<\/div>","protected":false},"excerpt":{"rendered":"[vc_row][vc_column][layerslider_vc id=&#8221;14&#8243;][\/vc_column][\/vc_row][vc_row gap=&#8221;20&#8243; equal_height=&#8221;yes&#8221;][vc_column width=&#8221;1\/3&#8243; css=&#8221;.vc_custom_1506077542856{background-color: #0893d2 !important;border-radius: 10px !important;}&#8221;][vc_icon type=&#8221;material&#8221; icon_material=&#8221;vc-material vc-material-receipt&#8221; color=&#8221;white&#8221; background_style=&#8221;rounded&#8221; background_color=&#8221;custom&#8221; size=&#8221;lg&#8221; align=&#8221;center&#8221; custom_background_color=&#8221;#f2d357&#8243;][vc_custom_heading text=&#8221;Fatura kesmek&#8221; font_container=&#8221;tag:h4|text_align:center|color:%23ffffff&#8221; use_theme_fonts=&#8221;yes&#8221; css=&#8221;.vc_custom_1506065433797{padding-right: 35px !important;padding-left: 35px !important;}&#8221;][vc_column_text css=&#8221;.vc_custom_1506077848087{padding-right: 35px !important;padding-left: 35px !important;}&#8221;] Kolayca profesyonel fatura olu\u015fturabilir ve e-postalayabilirsiniz. M\u00fc\u015fteri bor\u00e7lar\u0131n\u0131 izleyin. Ekstresler g\u00f6nderin. [\/vc_column_text][vc_btn title=&#8221;Daha Fazla Bilgi&#8221; style=&#8221;outline&#8221; shape=&#8221;round&#8221; color=&#8221;white&#8221; align=&#8221;center&#8221; css=&#8221;.vc_custom_1506089182249{padding-bottom: 35px !important;}&#8221; &#8230; <a title=\"CalCal&#8217;\u0131n Baz\u0131 \u00d6zellikleri\" class=\"read-more\" href=\"https:\/\/calcal.uk\/tr\/calcalin-bazi-ozellikleri\/\" aria-label=\"Read more about CalCal&#8217;\u0131n Baz\u0131 \u00d6zellikleri\">Read more<\/a>","protected":false},"author":271,"featured_media":0,"parent":0,"menu_order":0,"comment_status":"closed","ping_status":"closed","template":"","meta":{"pmpro_default_level":"","footnotes":""},"class_list":{"0":"post-2161","1":"page","2":"type-page","3":"status-publish","5":"infinite-scroll-item","6":"pmpro-has-access"},"_links":{"self":[{"href":"https:\/\/calcal.uk\/tr\/wp-json\/wp\/v2\/pages\/2161","targetHints":{"allow":["GET"]}}],"collection":[{"href":"https:\/\/calcal.uk\/tr\/wp-json\/wp\/v2\/pages"}],"about":[{"href":"https:\/\/calcal.uk\/tr\/wp-json\/wp\/v2\/types\/page"}],"author":[{"embeddable":true,"href":"https:\/\/calcal.uk\/tr\/wp-json\/wp\/v2\/users\/271"}],"replies":[{"embeddable":true,"href":"https:\/\/calcal.uk\/tr\/wp-json\/wp\/v2\/comments?post=2161"}],"version-history":[{"count":33,"href":"https:\/\/calcal.uk\/tr\/wp-json\/wp\/v2\/pages\/2161\/revisions"}],"predecessor-version":[{"id":2377,"href":"https:\/\/calcal.uk\/tr\/wp-json\/wp\/v2\/pages\/2161\/revisions\/2377"}],"wp:attachment":[{"href":"https:\/\/calcal.uk\/tr\/wp-json\/wp\/v2\/media?parent=2161"}],"curies":[{"name":"wp","href":"https:\/\/api.w.org\/{rel}","templated":true}]}}