{"id":2156,"date":"2018-02-26T23:11:30","date_gmt":"2018-02-26T23:11:30","guid":{"rendered":"https:\/\/calcal.uk\/musteriler\/"},"modified":"2018-02-26T23:11:32","modified_gmt":"2018-02-26T23:11:32","slug":"musteriler","status":"publish","type":"page","link":"https:\/\/calcal.uk\/tr\/calcalin-bazi-ozellikleri\/musteriler\/","title":{"rendered":"M\u00fc\u015fteriler"},"content":{"rendered":"<div class=\"wpb-content-wrapper\">[vc_row][vc_column][vc_column_text]\r\n<h3>CalCal m\u00fc\u015fteri bilgilerinizi organize etmenize yard\u0131mc\u0131 olur<\/h3>\r\n[\/vc_column_text][vc_column_text]Kolayca profesyonel g\u00f6r\u00fcn\u00fcml\u00fc <strong>faturalar <\/strong>olu\u015fturup, g\u00f6nderin.\u00a0Word program\u0131yla haz\u0131rlanm\u0131\u015f faturalar\u0131n aksine, sistemimizle haz\u0131rlanan faturalar\u0131n \u00fczerindeki rakamlar, hesaplama motorumuz taraf\u0131ndan kullan\u0131l\u0131r. Bunun pek \u00e7ok faydalar\u0131ndan biri de<strong> hangi m\u00fc\u015fterilerinizin \u00f6deme yapm\u0131s oldu\u011funu <\/strong>ve di\u011ferlerinin de ne kadar borcu oldu\u011funu g\u00f6stermesidir.\r\n\r\nBy doing this CalCal can help you retain customers and preserve your relationships with them.\u00a0B\u00f6ylece CalCal m\u00fc\u015fterilerinizle olan ili\u015fkilerinizi koruman\u0131za yard\u0131mc\u0131 olur.[\/vc_column_text][vc_single_image image=&#8221;1357&#8243; img_size=&#8221;large&#8221;][\/vc_column][\/vc_row][vc_row][vc_column width=&#8221;1\/2&#8243;][vc_single_image image=&#8221;497&#8243; img_size=&#8221;medium&#8221; add_caption=&#8221;yes&#8221;][\/vc_column][vc_column width=&#8221;1\/2&#8243;][vc_column_text]CalCal\u2019\u0131 kullanman\u0131n bir di\u011fer faydas\u0131 da yapt\u0131\u011f\u0131n\u0131z t\u00fcm al\u0131\u015f ve sat\u0131\u015flara dair rakamlar\u0131n,<strong> otomatik olarak \u00f6z de\u011ferlendirmenizin (self assessment), CalCal web sitesi \u00fczerinden hesaplanmas\u0131 ve g\u00f6nderilmesi i\u00e7in kullan\u0131lmas\u0131d\u0131r!\u00a0<\/strong>Harika de\u011fil mi? Art\u0131k dijital (ya da fiziksel) bir ka\u011f\u0131t y\u0131\u011f\u0131n\u0131na ihtiyac\u0131n\u0131z olmayacak ama aktif bir sistem sizin i\u00e7in \u00e7al\u0131\u015f\u0131yor olacak. CalCal, b\u00fcy\u00fck al\u0131mlarda sermaye \u00f6deneklerinin iadesi istemi ve ek gelir ak\u0131\u015f\u0131 da dahil olmak \u00fczere, daha karma\u015f\u0131k alanlar ile de kolayca ba\u015fa \u00e7\u0131kabilir.[\/vc_column_text][\/vc_column][\/vc_row][vc_row][vc_column][vc_column_text]\r\n<h2>Esnek olun: CalCal&#8217;la bunlar\u0131n t\u00fcm\u00fcn\u00fc yapabilirsiniz!<\/h2>\r\n<ul>\r\n \t<li>Add transactions with or without customers<\/li>\r\n \t<li>Create new customers <em>on-the-fly<\/em> while making an invoice or a simple &#8216;receipt&#8217; transaction<\/li>\r\n \t<li>One simple screen to search for or add a customer, mark as paid, and send invoices and statements<\/li>\r\n \t<li>No need to go from one screen to another, adding a customer, adding inventory, generating an invoice<\/li>\r\n \t<li>No need to send an invoice? Simply enter transaction amount and how much you were paid in the Daily Entries calendar screen<\/li>\r\n<\/ul>\r\n[\/vc_column_text][\/vc_column][\/vc_row]<\/div>","protected":false},"excerpt":{"rendered":"[vc_row][vc_column][vc_column_text] CalCal m\u00fc\u015fteri bilgilerinizi organize etmenize yard\u0131mc\u0131 olur [\/vc_column_text][vc_column_text]Kolayca profesyonel g\u00f6r\u00fcn\u00fcml\u00fc faturalar olu\u015fturup, g\u00f6nderin.\u00a0Word program\u0131yla haz\u0131rlanm\u0131\u015f faturalar\u0131n aksine, sistemimizle haz\u0131rlanan faturalar\u0131n \u00fczerindeki rakamlar, hesaplama motorumuz taraf\u0131ndan kullan\u0131l\u0131r. Bunun pek \u00e7ok faydalar\u0131ndan biri de hangi m\u00fc\u015fterilerinizin \u00f6deme yapm\u0131s oldu\u011funu ve di\u011ferlerinin de ne kadar borcu oldu\u011funu g\u00f6stermesidir. By doing this CalCal can help you retain customers &#8230; <a title=\"M\u00fc\u015fteriler\" class=\"read-more\" href=\"https:\/\/calcal.uk\/tr\/calcalin-bazi-ozellikleri\/musteriler\/\" aria-label=\"Read more about M\u00fc\u015fteriler\">Read more<\/a>","protected":false},"author":271,"featured_media":3325,"parent":2161,"menu_order":0,"comment_status":"closed","ping_status":"closed","template":"","meta":{"pmpro_default_level":"","footnotes":""},"class_list":{"0":"post-2156","1":"page","2":"type-page","3":"status-publish","4":"has-post-thumbnail","6":"infinite-scroll-item","7":"resize-featured-image","8":"pmpro-has-access"},"_links":{"self":[{"href":"https:\/\/calcal.uk\/tr\/wp-json\/wp\/v2\/pages\/2156","targetHints":{"allow":["GET"]}}],"collection":[{"href":"https:\/\/calcal.uk\/tr\/wp-json\/wp\/v2\/pages"}],"about":[{"href":"https:\/\/calcal.uk\/tr\/wp-json\/wp\/v2\/types\/page"}],"author":[{"embeddable":true,"href":"https:\/\/calcal.uk\/tr\/wp-json\/wp\/v2\/users\/271"}],"replies":[{"embeddable":true,"href":"https:\/\/calcal.uk\/tr\/wp-json\/wp\/v2\/comments?post=2156"}],"version-history":[{"count":4,"href":"https:\/\/calcal.uk\/tr\/wp-json\/wp\/v2\/pages\/2156\/revisions"}],"predecessor-version":[{"id":2160,"href":"https:\/\/calcal.uk\/tr\/wp-json\/wp\/v2\/pages\/2156\/revisions\/2160"}],"up":[{"embeddable":true,"href":"https:\/\/calcal.uk\/tr\/wp-json\/wp\/v2\/pages\/2161"}],"wp:featuredmedia":[{"embeddable":true,"href":"https:\/\/calcal.uk\/tr\/wp-json\/wp\/v2\/media\/3325"}],"wp:attachment":[{"href":"https:\/\/calcal.uk\/tr\/wp-json\/wp\/v2\/media?parent=2156"}],"curies":[{"name":"wp","href":"https:\/\/api.w.org\/{rel}","templated":true}]}}