{"id":2076,"date":"2018-02-22T22:47:44","date_gmt":"2018-02-22T22:47:44","guid":{"rendered":"https:\/\/calcal.uk\/hesap-yapan-benzersiz-bir-takvim\/"},"modified":"2018-02-22T22:47:44","modified_gmt":"2018-02-22T22:47:44","slug":"hesap-yapan-benzersiz-bir-takvim","status":"publish","type":"page","link":"https:\/\/calcal.uk\/tr\/calcalin-bazi-ozellikleri\/hesap-yapan-benzersiz-bir-takvim\/","title":{"rendered":"Hesap Yapan Benzersiz bir Takvim"},"content":{"rendered":"<img loading=\"lazy\" decoding=\"async\" class=\"size-medium wp-image-578 alignleft\" src=\"https:\/\/calcal.uk\/content\/uploads\/2016\/08\/de-cal-294x300.png\" alt=\"de-cal\" width=\"294\" height=\"300\" srcset=\"https:\/\/calcal.uk\/content\/uploads\/2016\/08\/de-cal-294x300.png 294w, https:\/\/calcal.uk\/content\/uploads\/2016\/08\/de-cal.png 438w\" sizes=\"auto, (max-width: 294px) 100vw, 294px\" \/>\r\n<h3>\u00a0Ad\u0131 m\u0131z neden\u00a0<a href=\"https:\/\/calcal.uk\/tr\/hakkimizda\/\">CalCal<\/a>?<\/h3>\r\nBu nedenle.\r\n\r\nT\u00fcm masraflar\u0131 ve basit makbuzlar\u0131, bir yerde tutmak istedi\u011finizi biliyoruz. Ve g\u00fcnl\u00fck al\u0131\u015fveri\u015flerinizi kaydetmeden \u00f6nce hi\u00e7bir \u015feyi kurmak istemedi\u011finizi biliyoruz.\r\n\r\nHesaplama yapan Takvim ile, ka\u00e7\u0131rd\u0131\u011f\u0131n\u0131z bir g\u00fcn varsa g\u00f6rebilirsiniz, ve ayl\u0131k sat\u0131\u015flar\u0131n\u0131z\u0131n nas\u0131l gitti\u011fini de.\r\n\r\nSadece bir g\u00fcn\u00fc t\u0131klat\u0131n ve toplamlar ile birlikte t\u00fcm g\u00fcnl\u00fck i\u015flemlerin bir listesini g\u00f6receksiniz. Bir + d\u00fc\u011fmesine dokunun ve rakamlar\u0131 girin. Basit.\r\n\r\n&nbsp;\r\n\r\n&nbsp;\r\n\r\n&nbsp;\r\n<h3><!--more-->Basitlik ve\u00a0 esneklik&#8230;<\/h3>\r\n<ul>\r\n \t<li>\u0130ster bir taksi \u015fof\u00f6r\u00fc, bir \u00e7i\u00e7ek\u00e7i, a\u015f\u00e7\u0131 ya da mimar olun, gider t\u00fcrlerinizi k\u00fc\u00e7\u00fck bir liste olarak halihaz\u0131rda bulacaks\u0131n\u0131z.<\/li>\r\n \t<li>Yeni bir harcama m\u0131 yapt\u0131n\u0131z? Ki\u015fisel harcama kategorileriniz sizinle birlikte geli\u015fecektir. Gider t\u00fcrlerini yazmaya ba\u015flay\u0131n ve CalCal size do\u011fru kategorileri kapsaml\u0131 listesi i\u00e7inden anahtar kelimeler yard\u0131m\u0131yla \u00f6nerecektir. Bir daha ki sefere yeni harcama kalemleriniz kategori listenizde olacakt\u0131r.<\/li>\r\n \t<li>\u00d6rne\u011fin e\u011fer taksi \u015fof\u00f6r\u00fc iseniz, t\u00fcm m\u00fc\u015fterilerinizin isimlerini kay\u0131t edebilmeniz m\u00fcmk\u00fcn de\u011fildir. Size tam \u00f6deme yapt\u0131klar\u0131 s\u00fcrece, CalCal ile buna gerek yoktur. Asl\u0131nda, baz\u0131 i\u015fletmeler i\u00e7in M\u00fc\u015fteri kay\u0131t \u00f6zelli\u011fi standard olarak kapal\u0131d\u0131r.<\/li>\r\n \t<li>Belki bir \u00e7i\u00e7ek\u00e7isiniz ve bir m\u00fc\u015fterinizin size daha sonra \u00f6deme yapmas\u0131na izin veriyorsunuz. Basit: Sadece miktar\u0131 ve m\u00fc\u015fterinin ad\u0131n\u0131 girin, CalCal k\u0131smi \u00f6deme kayd\u0131 yapman\u0131za izin verir.<\/li>\r\n \t<li>\u0130sterseniz daha sonra bir adres ekleyip, m\u00fc\u015fterinize uyar\u0131 ekstresi g\u00f6nderin.<\/li>\r\n<\/ul>\r\n<h3 id=\"tw-target-text\">Ne kadar vergi borcunuz oldu\u011funa bak\u0131n<\/h3>\r\nCalCal sizi herhangi bir k\u00f6t\u00fc s\u00fcrprizden \u00a0kurtarmak i\u00e7in y\u0131l boyunca gelirinizi ve bankada verginiz \u00a0i\u00e7in tutman\u0131z gereken miktar\u0131 hesaplar. Nisan geldi\u011finde vergi iadenizi g\u00f6ndermeniz icin bir d\u00fc\u011fmeye \u00a0basman\u0131z yeter.\r\n<h3 id=\"tw-target-text\"><strong>Bekleyin, t\u00fcm bunlar \u00dcCRETS\u0130Z mi?<\/strong><\/h3>\r\n<h2 id=\"tw-target-text\">Evet! \u00dcCRETS\u0130Z g\u00fcnl\u00fck muhasebe ve i\u015flem kayd\u0131. Nas\u0131l?<\/h2>\r\nVergi y\u0131l\u0131 sonunda, CalCal <strong>vergi beyannamenizi<\/strong> doldurmak i\u00e7in gereken t\u00fcm bilgilere sahip olacakt\u0131r.\r\n\r\nSadece bu da de\u011fil: <strong>CalCal vergi beyannamenizi sizin ad\u0131n\u0131za direkt HMRC\u2019ye g\u00f6nderir<\/strong>. Yapman\u0131z gereken tek \u015fey, Vergi Referans\u0131n\u0131z\u0131 (UTR), baz\u0131 ki\u015fisel bilgilerinizi ekleyip, do\u011frulu\u011funu control etmeniz yeterlidir. \u00d6z de\u011ferlendirme vergi iade (self-assessment) g\u00f6nderimi ve s\u0131n\u0131rs\u0131z fatura yaratma ve m\u00fc\u015fteri eklemek gibi ekstra \u00f6zellikler , inan\u0131lmaz d\u00fc\u015f\u00fck aidatlarla <strong>S\u0131n\u0131rs\u0131z<\/strong> ve <strong>Premium<\/strong> planlar\u0131m\u0131za dahildir.\r\n\r\n&nbsp;\r\n\r\n<hr \/>\r\n\r\n<h2>Basit \u00fccretsiz muhasebe<\/h2>\r\nSizi herhangi bir muhasebe jargonu bilmenize gerek olmadan <strong>kendi kendinize muhasebe yapabilmeniz i\u00e7in destekliyoruz<\/strong>. Masraflar\u0131n\u0131z\u0131 azalt\u0131p ve para tasarrufu yapabilirsiniz. Muhasebeci nizin yapaca\u011f\u0131 g\u00f6revleri tek lokmal\u0131k par\u00e7alara b\u00f6l\u00fcp, kolayla\u015ft\u0131rd\u0131k .Sadece takvim tabanl\u0131 sistemimizi kullanarak g\u00fcnl\u00fck al\u0131\u015fveri\u015flerinizi kaydedin. Kullan\u0131m\u0131 \u00e7ok kolay ve her \u015fey her zaman tek bir yerde. Ger\u00e7ekten bu kadar basit.\r\n\r\n<strong>Her zaman i\u015finizin nas\u0131l gitti\u011fini bileceksiniz. <\/strong>CalCal\u2019\u0131 kullanarak hesaplar\u0131n\u0131z\u0131 kendiniz yap\u0131yor olman\u0131n ger\u00e7ek g\u00fcc\u00fc bu. Dakikal\u0131k finansal verileri g\u00f6rmeniz benzersiz bir motivasyon verecek ve i\u015finizle ilgili vereceginiz kararlar\u0131 alman\u0131z\u0131 kolayla\u015ft\u0131racakt\u0131r.\r\n\r\n&nbsp;","protected":false},"excerpt":{"rendered":"\u00a0Ad\u0131 m\u0131z neden\u00a0CalCal? Bu nedenle. T\u00fcm masraflar\u0131 ve basit makbuzlar\u0131, bir yerde tutmak istedi\u011finizi biliyoruz. Ve g\u00fcnl\u00fck al\u0131\u015fveri\u015flerinizi kaydetmeden \u00f6nce hi\u00e7bir \u015feyi kurmak istemedi\u011finizi biliyoruz. Hesaplama yapan Takvim ile, ka\u00e7\u0131rd\u0131\u011f\u0131n\u0131z bir g\u00fcn varsa g\u00f6rebilirsiniz, ve ayl\u0131k sat\u0131\u015flar\u0131n\u0131z\u0131n nas\u0131l gitti\u011fini de. Sadece bir g\u00fcn\u00fc t\u0131klat\u0131n ve toplamlar ile birlikte t\u00fcm g\u00fcnl\u00fck i\u015flemlerin bir listesini g\u00f6receksiniz. Bir &#8230; <a title=\"Hesap Yapan Benzersiz bir Takvim\" class=\"read-more\" href=\"https:\/\/calcal.uk\/tr\/calcalin-bazi-ozellikleri\/hesap-yapan-benzersiz-bir-takvim\/\" aria-label=\"Read more about Hesap Yapan Benzersiz bir Takvim\">Read more<\/a>","protected":false},"author":271,"featured_media":0,"parent":2161,"menu_order":0,"comment_status":"closed","ping_status":"closed","template":"","meta":{"pmpro_default_level":"","footnotes":""},"class_list":{"0":"post-2076","1":"page","2":"type-page","3":"status-publish","5":"infinite-scroll-item","6":"pmpro-has-access"},"_links":{"self":[{"href":"https:\/\/calcal.uk\/tr\/wp-json\/wp\/v2\/pages\/2076","targetHints":{"allow":["GET"]}}],"collection":[{"href":"https:\/\/calcal.uk\/tr\/wp-json\/wp\/v2\/pages"}],"about":[{"href":"https:\/\/calcal.uk\/tr\/wp-json\/wp\/v2\/types\/page"}],"author":[{"embeddable":true,"href":"https:\/\/calcal.uk\/tr\/wp-json\/wp\/v2\/users\/271"}],"replies":[{"embeddable":true,"href":"https:\/\/calcal.uk\/tr\/wp-json\/wp\/v2\/comments?post=2076"}],"version-history":[{"count":0,"href":"https:\/\/calcal.uk\/tr\/wp-json\/wp\/v2\/pages\/2076\/revisions"}],"up":[{"embeddable":true,"href":"https:\/\/calcal.uk\/tr\/wp-json\/wp\/v2\/pages\/2161"}],"wp:attachment":[{"href":"https:\/\/calcal.uk\/tr\/wp-json\/wp\/v2\/media?parent=2076"}],"curies":[{"name":"wp","href":"https:\/\/api.w.org\/{rel}","templated":true}]}}