{"id":2051,"date":"2018-02-21T23:35:22","date_gmt":"2018-02-21T23:35:22","guid":{"rendered":"https:\/\/calcal.uk\/calcal-isiniz-icin\/"},"modified":"2018-02-22T23:04:11","modified_gmt":"2018-02-22T23:04:11","slug":"calcal-isiniz-icin","status":"publish","type":"page","link":"https:\/\/calcal.uk\/tr\/calcal-isiniz-icin\/","title":{"rendered":"CalCal \u0130\u015finiz \u0130\u00e7in"},"content":{"rendered":"<div class=\"wpb-content-wrapper\">[vc_row css=&#8221;.vc_custom_1475570043433{padding-left: 15px !important;background-image: url(https:\/\/calcal.uk\/content\/uploads\/2015\/09\/service-description-list-3264.jpg?id=1056) !important;background-position: center !important;background-repeat: no-repeat !important;background-size: cover !important;}&#8221;][vc_column width=&#8221;1\/2&#8243;][vc_custom_heading text=&#8221;\u0130\u015finiz i\u00e7in uyarlanm\u0131\u015f&#8221; font_container=&#8221;tag:h2|text_align:left|color:%23ffffff&#8221; use_theme_fonts=&#8221;yes&#8221;][vc_column_text]Kaydolurken arama motorundan ticaret veya i\u015f t\u00fcr\u00fcn\u00fcz\u00fc bulun ve CalCal deneyiminizi ba\u015flatal\u0131m&#8230;[\/vc_column_text][\/vc_column][vc_column width=&#8221;1\/2&#8243;][\/vc_column][\/vc_row][vc_row css=&#8221;.vc_custom_1475570053412{padding-right: 15px !important;background-image: url(https:\/\/calcal.uk\/content\/uploads\/2015\/09\/service-description-list-3265.jpg?id=1057) !important;background-position: center !important;background-repeat: no-repeat !important;background-size: cover !important;}&#8221;][vc_column width=&#8221;1\/2&#8243;][\/vc_column][vc_column width=&#8221;1\/2&#8243;][vc_custom_heading text=&#8221;Size uyarlanm\u0131\u015f&#8221; font_container=&#8221;tag:h2|text_align:left|color:%23ffffff&#8221; use_theme_fonts=&#8221;yes&#8221;][vc_column_text]\r\n<ul>\r\n \t<li>\u0130ster bir taksi \u015fof\u00f6r\u00fc, bir \u00e7i\u00e7ek\u00e7i, a\u015f\u00e7\u0131 ya da mimar olun, gider t\u00fcrlerinizi k\u00fc\u00e7\u00fck bir liste olarak halihaz\u0131rda bulacaks\u0131n\u0131z.<\/li>\r\n \t<li>Yeni bir harcama m\u0131 yapt\u0131n\u0131z? Ki\u015fisel harcama kategorileriniz sizinle birlikte geli\u015fecektir. Gider t\u00fcrlerini yazmaya ba\u015flay\u0131n ve CalCal size do\u011fru kategorileri kapsaml\u0131 listesi i\u00e7inden anahtar kelimeler yard\u0131m\u0131yla \u00f6nerecektir. Bir daha ki sefere yeni harcama kalemleriniz kategori listenizde olacakt\u0131r.<\/li>\r\n \t<li>\u00d6rne\u011fin e\u011fer taksi \u015fof\u00f6r\u00fc iseniz, t\u00fcm m\u00fc\u015fterilerinizin isimlerini kay\u0131t edebilmeniz m\u00fcmk\u00fcn de\u011fildir. Size tam \u00f6deme yapt\u0131klar\u0131 s\u00fcrece, CalCal ile buna gerek yoktur. Asl\u0131nda, baz\u0131 i\u015fletmeler i\u00e7in M\u00fc\u015fteri kay\u0131t \u00f6zelli\u011fi standard olarak kapal\u0131d\u0131r.<\/li>\r\n \t<li>Belki bir \u00e7i\u00e7ek\u00e7isiniz ve bir m\u00fc\u015fterinizin size daha sonra \u00f6deme yapmas\u0131na izin veriyorsunuz. Basit: Sadece miktar\u0131 ve m\u00fc\u015fterinin ad\u0131n\u0131 girin, CalCal k\u0131smi \u00f6deme kayd\u0131 yapman\u0131za izin verir.<\/li>\r\n \t<li>\u0130sterseniz daha sonra bir adres ekleyip, m\u00fc\u015fterinize uyar\u0131 ekstresi g\u00f6nderin.<\/li>\r\n<\/ul>\r\n[\/vc_column_text][\/vc_column][\/vc_row]<\/div>","protected":false},"excerpt":{"rendered":"[vc_row css=&#8221;.vc_custom_1475570043433{padding-left: 15px !important;background-image: url(https:\/\/calcal.uk\/content\/uploads\/2015\/09\/service-description-list-3264.jpg?id=1056) !important;background-position: center !important;background-repeat: no-repeat !important;background-size: cover !important;}&#8221;][vc_column width=&#8221;1\/2&#8243;][vc_custom_heading text=&#8221;\u0130\u015finiz i\u00e7in uyarlanm\u0131\u015f&#8221; font_container=&#8221;tag:h2|text_align:left|color:%23ffffff&#8221; use_theme_fonts=&#8221;yes&#8221;][vc_column_text]Kaydolurken arama motorundan ticaret veya i\u015f t\u00fcr\u00fcn\u00fcz\u00fc bulun ve CalCal deneyiminizi ba\u015flatal\u0131m&#8230;[\/vc_column_text][\/vc_column][vc_column width=&#8221;1\/2&#8243;][\/vc_column][\/vc_row][vc_row css=&#8221;.vc_custom_1475570053412{padding-right: 15px !important;background-image: url(https:\/\/calcal.uk\/content\/uploads\/2015\/09\/service-description-list-3265.jpg?id=1057) !important;background-position: center !important;background-repeat: no-repeat !important;background-size: cover !important;}&#8221;][vc_column width=&#8221;1\/2&#8243;][\/vc_column][vc_column width=&#8221;1\/2&#8243;][vc_custom_heading text=&#8221;Size uyarlanm\u0131\u015f&#8221; font_container=&#8221;tag:h2|text_align:left|color:%23ffffff&#8221; use_theme_fonts=&#8221;yes&#8221;][vc_column_text] \u0130ster bir taksi \u015fof\u00f6r\u00fc, bir \u00e7i\u00e7ek\u00e7i, a\u015f\u00e7\u0131 ya &#8230; <a title=\"CalCal \u0130\u015finiz \u0130\u00e7in\" class=\"read-more\" href=\"https:\/\/calcal.uk\/tr\/calcal-isiniz-icin\/\" aria-label=\"Read more about CalCal \u0130\u015finiz \u0130\u00e7in\">Read more<\/a>","protected":false},"author":271,"featured_media":0,"parent":0,"menu_order":0,"comment_status":"closed","ping_status":"closed","template":"","meta":{"pmpro_default_level":"","footnotes":""},"class_list":{"0":"post-2051","1":"page","2":"type-page","3":"status-publish","5":"infinite-scroll-item","6":"pmpro-has-access"},"_links":{"self":[{"href":"https:\/\/calcal.uk\/tr\/wp-json\/wp\/v2\/pages\/2051","targetHints":{"allow":["GET"]}}],"collection":[{"href":"https:\/\/calcal.uk\/tr\/wp-json\/wp\/v2\/pages"}],"about":[{"href":"https:\/\/calcal.uk\/tr\/wp-json\/wp\/v2\/types\/page"}],"author":[{"embeddable":true,"href":"https:\/\/calcal.uk\/tr\/wp-json\/wp\/v2\/users\/271"}],"replies":[{"embeddable":true,"href":"https:\/\/calcal.uk\/tr\/wp-json\/wp\/v2\/comments?post=2051"}],"version-history":[{"count":7,"href":"https:\/\/calcal.uk\/tr\/wp-json\/wp\/v2\/pages\/2051\/revisions"}],"predecessor-version":[{"id":2079,"href":"https:\/\/calcal.uk\/tr\/wp-json\/wp\/v2\/pages\/2051\/revisions\/2079"}],"wp:attachment":[{"href":"https:\/\/calcal.uk\/tr\/wp-json\/wp\/v2\/media?parent=2051"}],"curies":[{"name":"wp","href":"https:\/\/api.w.org\/{rel}","templated":true}]}}