{"id":2042,"date":"2018-02-21T22:44:39","date_gmt":"2018-02-21T22:44:39","guid":{"rendered":"https:\/\/calcal.uk\/oz-degerlendirme-self-assessment\/"},"modified":"2018-02-22T21:36:49","modified_gmt":"2018-02-22T21:36:49","slug":"oz-degerlendirme-self-assessment","status":"publish","type":"page","link":"https:\/\/calcal.uk\/tr\/calcalin-bazi-ozellikleri\/oz-degerlendirme-self-assessment\/","title":{"rendered":"\u00d6z de\u011ferlendirme (Self-Assessment)"},"content":{"rendered":"<div class=\"wpb-content-wrapper\">[vc_row parallax=&#8221;content-moving-fade&#8221; css=&#8221;.vc_custom_1506094523597{padding-left: 15px !important;background-image: url(https:\/\/calcal.uk\/content\/uploads\/2017\/09\/calc2.jpg?id=1175) !important;background-position: center;background-repeat: no-repeat !important;background-size: cover !important;}&#8221;][vc_column width=&#8221;1\/2&#8243;][vc_custom_heading text=&#8221;\u00d6z de\u011ferlendirme (Self-Assessment) Raporunuz &#8211; Sizin ad\u0131n\u0131za Otomatik Olarak Doldurulur&#8221; font_container=&#8221;tag:h2|text_align:left|color:%23ffffff&#8221; use_theme_fonts=&#8221;yes&#8221;][vc_column_text]Y\u0131l sonunda, CalCal vergi iade formunuzu, sermaye \u00f6denekleri ve gider kategorileri de dahil olmak \u00fczere, i\u015finizle ilgili ger\u00e7ekler ve rakamlar ile sizin ad\u0131n\u0131za dolduracakt\u0131r.\r\n\r\nSadece online formlar\u0131m\u0131za \u00a0bak\u0131p, herhangi bir ayr\u0131nt\u0131 ekleyip eklememeniz gerekiti\u011fini control etmelisiniz. Yeni bilgi eklemeniz gerekirse, endi\u015felenmeyin &#8211; CalCal vergi beyannamesinize ekleme yapacakt\u0131r.[\/vc_column_text][\/vc_column][vc_column width=&#8221;1\/2&#8243;][\/vc_column][\/vc_row][vc_row css=&#8221;.vc_custom_1475570053412{padding-right: 15px !important;background-image: url(https:\/\/calcal.uk\/content\/uploads\/2015\/09\/service-description-list-3265.jpg?id=1057) !important;background-position: center !important;background-repeat: no-repeat !important;background-size: cover !important;}&#8221;][vc_column width=&#8221;1\/2&#8243;][\/vc_column][vc_column width=&#8221;1\/2&#8243;][vc_custom_heading text=&#8221;\u0130nteraktif \u00d6zellikleri Size Zaman Kazand\u0131r\u0131r&#8221; font_container=&#8221;tag:h2|text_align:left|color:%23ffffff&#8221; use_theme_fonts=&#8221;yes&#8221;][vc_column_text]Sistemimize interaktif \u00f6zellikler eklemek i\u00e7in HMRC ile \u00e7al\u0131\u015f\u0131yoruz &#8211; 2015-16 vergi iadesinden, HMRC portal\u0131n\u0131za giri\u015f yap\u0131n\u0131z\u00a0ve CalCal size hi\u00e7bir \u015fey aramak zorunda b\u0131rakmaks\u0131z\u0131n, evlilik \u00f6dene\u011fi nizi senkronize edecektir.[\/vc_column_text][\/vc_column][\/vc_row][vc_row][vc_column][vc_message message_box_color=&#8221;success&#8221; icon_fontawesome=&#8221;fa fa-check&#8221;]\u00d6z De\u011ferlendirme (self-assessment) online ba\u015fvuru s\u0131n\u0131rs\u0131z seviyemizde ya da Premium \u00a0abonelik de mevcuttur (y\u0131ll\u0131k aidat \u00f6d\u00fcyorsan\u0131z ya da 3 ayd\u0131r bizimleyseniz)[\/vc_message][\/vc_column][\/vc_row][vc_row][vc_column width=&#8221;1\/4&#8243;][vc_single_image image=&#8221;1305&#8243; img_size=&#8221;medium&#8221;][\/vc_column][vc_column width=&#8221;3\/4&#8243;][vc_column_text]CalCal verdi\u011finiz bilgilerle\u00a0 a\u015fa\u011f\u0131daki formlar\u0131 dolduracakt\u0131r:\r\n<ul>\r\n \t<li>SA100 \u2013 Asli \u00d6z de\u011ferlendirme (Self-Assessment) Raporu<\/li>\r\n \t<li><a href=\"https:\/\/www.gov.uk\/government\/publications\/self-assessment-additional-information-sa101\">SA101<\/a>\u00a0\u2013 Ek Bilgiler<\/li>\r\n \t<li><a href=\"https:\/\/www.gov.uk\/government\/publications\/self-assessment-self-employment-short-sa103s\">SA103S<\/a>\u00a0ya da\u00a0<a href=\"https:\/\/www.gov.uk\/government\/publications\/self-assessment-self-employment-full-sa103f\">SA103F<\/a>\u00a0\u2013 Serbest Meslek: Kategorilerine g\u00f6re y\u0131ll\u0131k gelir ve giderleriniz, \u00a0sermaye \u00f6denekleri, bilan\u00e7onuz.<\/li>\r\n \t<li>Your year&#8217;s takings and expenses by category, capital allowances, balance sheet. Cironuza ba\u011fl\u0131 olarak k\u0131sa veya uzun vvadeli plan da otomatik olarak eklenecektir.<\/li>\r\n \t<li><a href=\"https:\/\/www.gov.uk\/government\/publications\/self-assessment-tax-calculation-summary-sa110\">SA110<\/a>\u00a0\u2013 Vergi hesaplaman\u0131z siz g\u00f6ndermeden yap\u0131lacakt\u0131r.<\/li>\r\n<\/ul>\r\n<span style=\"color: #000000\">Yukar\u0131da ki formlara ek olarak isterseniz asa\u011f\u0131daki formlar\u0131<\/span> da ekleyebilirsiniz:\r\n<ul>\r\n \t<li>\u00e7al\u0131\u015fanlar veya \u015firket y\u00f6neticileri &#8211;\u00a0<a href=\"https:\/\/www.gov.uk\/government\/publications\/self-assessment-employment-sa102\">SA102<\/a><\/li>\r\n \t<li>serbest meslek &#8211;\u00a0<a href=\"https:\/\/www.gov.uk\/government\/publications\/self-assessment-self-employment-short-sa103s\">SA103S<\/a>\u00a0or\u00a0<a href=\"https:\/\/www.gov.uk\/government\/publications\/self-assessment-self-employment-full-sa103f\">SA103F<\/a><\/li>\r\n \t<li>i\u015f ortakl\u0131klar\u0131 &#8211;\u00a0<a href=\"https:\/\/www.gov.uk\/government\/publications\/self-assessment-partnership-short-sa104s\">SA104S<\/a>\u00a0or\u00a0<a href=\"https:\/\/www.gov.uk\/government\/publications\/self-assessment-partnership-full-sa104f\">SA104F<\/a><\/li>\r\n \t<li>Birle\u015fik Krall\u0131k emlak geliri \u00a0&#8211;\u00a0<a href=\"https:\/\/www.gov.uk\/government\/publications\/self-assessment-uk-property-sa105\">SA105<\/a><\/li>\r\n \t<li>Yurtd\u0131\u015f\u0131 gelirleri &#8211;\u00a0<a href=\"https:\/\/www.gov.uk\/government\/publications\/self-assessment-foreign-sa106\">SA106<\/a><\/li>\r\n \t<li>sermaye kazan\u00e7lar\u0131 &#8211;\u00a0<a href=\"https:\/\/www.gov.uk\/government\/publications\/self-assessment-capital-gains-summary-sa108\">SA108<\/a><\/li>\r\n \t<li>Birle\u015fik Krall\u0131k vatanda\u015f\u0131 olmayanlar ya da \u00e7ifte vatanda\u015flar &#8211;\u00a0<a href=\"https:\/\/www.gov.uk\/government\/publications\/self-assessment-residence-remittance-basis-etc-sa109\">SA109<\/a>\u00a0(E\u011fer ihtiyac\u0131n\u0131z varsa <a href=\"\/?page_id=798\">Non-Resident aboneli\u011fe <\/a>)<\/li>\r\n<\/ul>\r\n[\/vc_column_text][\/vc_column][\/vc_row]<\/div>","protected":false},"excerpt":{"rendered":"[vc_row parallax=&#8221;content-moving-fade&#8221; css=&#8221;.vc_custom_1506094523597{padding-left: 15px !important;background-image: url(https:\/\/calcal.uk\/content\/uploads\/2017\/09\/calc2.jpg?id=1175) !important;background-position: center;background-repeat: no-repeat !important;background-size: cover !important;}&#8221;][vc_column width=&#8221;1\/2&#8243;][vc_custom_heading text=&#8221;\u00d6z de\u011ferlendirme (Self-Assessment) Raporunuz &#8211; Sizin ad\u0131n\u0131za Otomatik Olarak Doldurulur&#8221; font_container=&#8221;tag:h2|text_align:left|color:%23ffffff&#8221; use_theme_fonts=&#8221;yes&#8221;][vc_column_text]Y\u0131l sonunda, CalCal vergi iade formunuzu, sermaye \u00f6denekleri ve gider kategorileri de dahil olmak \u00fczere, i\u015finizle ilgili ger\u00e7ekler ve rakamlar ile sizin ad\u0131n\u0131za dolduracakt\u0131r. Sadece online formlar\u0131m\u0131za \u00a0bak\u0131p, herhangi bir ayr\u0131nt\u0131 &#8230; <a title=\"\u00d6z de\u011ferlendirme (Self-Assessment)\" class=\"read-more\" href=\"https:\/\/calcal.uk\/tr\/calcalin-bazi-ozellikleri\/oz-degerlendirme-self-assessment\/\" aria-label=\"Read more about \u00d6z de\u011ferlendirme (Self-Assessment)\">Read more<\/a>","protected":false},"author":271,"featured_media":0,"parent":2161,"menu_order":0,"comment_status":"closed","ping_status":"closed","template":"","meta":{"pmpro_default_level":"","footnotes":""},"class_list":{"0":"post-2042","1":"page","2":"type-page","3":"status-publish","5":"infinite-scroll-item","6":"pmpro-has-access"},"_links":{"self":[{"href":"https:\/\/calcal.uk\/tr\/wp-json\/wp\/v2\/pages\/2042","targetHints":{"allow":["GET"]}}],"collection":[{"href":"https:\/\/calcal.uk\/tr\/wp-json\/wp\/v2\/pages"}],"about":[{"href":"https:\/\/calcal.uk\/tr\/wp-json\/wp\/v2\/types\/page"}],"author":[{"embeddable":true,"href":"https:\/\/calcal.uk\/tr\/wp-json\/wp\/v2\/users\/271"}],"replies":[{"embeddable":true,"href":"https:\/\/calcal.uk\/tr\/wp-json\/wp\/v2\/comments?post=2042"}],"version-history":[{"count":11,"href":"https:\/\/calcal.uk\/tr\/wp-json\/wp\/v2\/pages\/2042\/revisions"}],"predecessor-version":[{"id":2073,"href":"https:\/\/calcal.uk\/tr\/wp-json\/wp\/v2\/pages\/2042\/revisions\/2073"}],"up":[{"embeddable":true,"href":"https:\/\/calcal.uk\/tr\/wp-json\/wp\/v2\/pages\/2161"}],"wp:attachment":[{"href":"https:\/\/calcal.uk\/tr\/wp-json\/wp\/v2\/media?parent=2042"}],"curies":[{"name":"wp","href":"https:\/\/api.w.org\/{rel}","templated":true}]}}