{"id":1989,"date":"2018-02-20T23:52:18","date_gmt":"2018-02-20T23:52:18","guid":{"rendered":"https:\/\/calcal.uk\/sinirsiz-seviye\/"},"modified":"2018-11-01T23:31:30","modified_gmt":"2018-11-01T23:31:30","slug":"sinirsiz-seviye","status":"publish","type":"page","link":"https:\/\/calcal.uk\/tr\/sinirsiz-seviye\/","title":{"rendered":"S\u0131n\u0131rs\u0131z Seviye"},"content":{"rendered":"<div class=\"wpb-content-wrapper\">[vc_row full_width=&#8221;stretch_row&#8221; css=&#8221;.vc_custom_1434538871508{margin-bottom: 0px !important;}&#8221;][vc_column width=&#8221;1\/3&#8243;][vc_custom_heading text=&#8221;Kolay Bulut Muhasebe&#8221; use_theme_fonts=&#8221;yes&#8221;][vc_column_text]CalCal&#8217;la, kendi hesaplar\u0131n\u0131z\u0131 tutmak karma\u015f\u0131k olmak zorunda de\u011fildir.\r\n\r\nYaln\u0131zca sat\u0131\u015f ve giderlerinizi benzersiz takvim aray\u00fczl\u00fc oturumumuza kaydetmeniz <a href=\"https:\/\/calcal.uk\/tr\/calcalin-bazi-ozellikleri\/hesap-yapan-benzersiz-bir-takvim\/\">benzersiz takvim aray\u00fczl\u00fc oturumumuza<\/a>\u00a0yeterli ve CalCal sizi vergi faturas\u0131 i\u00e7in kenarda tutman\u0131z gereken miktar ve nakit ak\u0131\u015f\u0131n\u0131z\u0131n durumu hakk\u0131nda bilgilendirecektir.[\/vc_column_text][\/vc_column][vc_column width=&#8221;1\/3&#8243;][vc_single_image image=&#8221;1126&#8243; img_size=&#8221;full&#8221; css=&#8221;.vc_custom_1475570269840{padding-top: 15px !important;}&#8221;][\/vc_column][vc_column width=&#8221;1\/3&#8243;][vc_custom_heading text=&#8221;\u0130\u015finiz \u0130\u00e7in&#8221; use_theme_fonts=&#8221;yes&#8221;][vc_column_text]CalCal&#8217;a kaydolman\u0131z i\u00e7in mesle\u011finizi girmelisiniz.\r\n<pre data-placeholder=\"Translation\" data-fulltext=\"\">B\u00f6ylece, CalCal'\u0131n \u00f6zellikle i\u015finize \r\nuyumlanmas\u0131na izin vermi\u015f olursunuz - \r\n\u00f6nceden ayarlanm\u0131\u015f gider t\u00fcrleri,\r\nne nedir ve hangi \u00f6zellikler a\u00e7\u0131k,\r\nhangileri kapalidir vs. <strong>B\u00f6ylece \r\n<\/strong>hesaplar\u0131n\u0131z\u0131 \u00fccretsiz olarak \r\ntakip edebilirsiniz.<\/pre>[\/vc_column_text][\/vc_column][\/vc_row][vc_row full_width=&#8221;stretch_row&#8221;][vc_column width=&#8221;1\/3&#8243;][vc_single_image image=&#8221;1127&#8243; img_size=&#8221;full&#8221; css=&#8221;.vc_custom_1475570276431{padding-top: 15px !important;}&#8221;][\/vc_column][vc_column width=&#8221;1\/3&#8243;][vc_custom_heading text=&#8221;Profesyonel Rapor ve Faturalar&#8221; use_theme_fonts=&#8221;yes&#8221;][vc_column_text]PREM<span style=\"color: #000000;\">\u0130<\/span>UM \u00fcyelik seviyesi, t\u00fcm m\u00fc\u015fterilerinizi \u00a0sisteme eklemenizi ve onlara\u00a0<a href=\"https:\/\/calcal.uk\/tr\/calcalin-bazi-ozellikleri\/musteriler\/\">fatura g\u00f6ndermenizi<\/a> sa\u011flar. CalCal size borcu olanlar\u0131 bildirir ve onlara hat\u0131rlatma estresleri g\u00f6ndermenizi sa\u011flar.[\/vc_column_text][\/vc_column][vc_column width=&#8221;1\/3&#8243;][vc_single_image image=&#8221;1128&#8243; img_size=&#8221;full&#8221; css=&#8221;.vc_custom_1475570283396{padding-top: 15px !important;}&#8221;][\/vc_column][\/vc_row][vc_row][vc_column][vc_tta_tabs spacing=&#8221;3&#8243; active_section=&#8221;1&#8243; title=&#8221;Hemen  Kaydolun&#8221;][vc_tta_section title=&#8221;KDV (VAT) M\u00fckellefi Olmayanlar \u0130\u00e7in&#8221; tab_id=&#8221;1505990221941-1a4e53bd-7202e6a1-3264&#8243;][vc_column_text]\r\n<h3><span style=\"color: #333399;\">Non-VAT Registered businesses: Sign Up here!<\/span><\/h3>\r\n<span style=\"color: #ff6600;\"><strong>Just \u00a3100 per year<\/strong><\/span>[\/vc_column_text][vc_raw_html]PGgzPkJhxZ9sYW1hayDEsMOnaW4gxLDFn2tvbHVudXp1IEJ1bHVudXo8L2gzPg==[\/vc_raw_html][\/vc_tta_section][vc_tta_section title=&#8221;Vergi M\u00fckellefleri \u0130\u00e7in&#8221; tab_id=&#8221;1505990221941-77a1b331-160fe6a1-3264&#8243;][vc_column_text]\r\n<h3><span style=\"color: #000080;\">VAT Registered? Sign Up here!<\/span><\/h3>\r\n<span style=\"color: #ff6600;\"><strong>Just \u00a3150 per year<\/strong><\/span>[\/vc_column_text][vc_raw_html]PGgzPkJhxZ9sYW1hayDEsMOnaW4gxLDFn2tvbHVudXp1IEJ1bHVudXo8L2gzPg==[\/vc_raw_html][\/vc_tta_section][\/vc_tta_tabs][vc_message]<pre id=\"tw-target-text\" data-placeholder=\"Translation\" data-fulltext=\"\">Ayl\u0131k \u00f6deme dahil olmak \u00fczere, t\u00fcm fiyatland\u0131rma planlar\u0131n\u0131 <a href=\"https:\/\/calcal.uk\/tr\/kaydol\/\">buradan kar\u015f\u0131la\u015ft\u0131r\u0131n...<\/a><\/pre>[\/vc_message][\/vc_column][\/vc_row][vc_row][vc_column][vc_tta_tour active_section=&#8221;2&#8243; title=&#8221;\u00dcyelik Planlar\u0131n\u0131 Kar\u015f\u0131la\u015ft\u0131r&#8221;][vc_tta_section i_icon_fontawesome=&#8221;fa fa-battery-half&#8221; add_icon=&#8221;true&#8221; title=&#8221;\u00dcCRETS\u0130Z&#8221; tab_id=&#8221;1505984059793-f6de762e-a2c8e6a1-3264&#8243;][vc_text_separator title=&#8221;\u00dcCRETS\u0130Z \u00dcyeli\u011fe Dahildir&#8221;][vc_toggle title=&#8221;25 M\u00dc\u015eTER\u0130YE Kadar&#8221;]M\u00fc\u015fterilerinize fatura ve ekstres yollay\u0131n. \u00d6deme yapt\u0131klar\u0131nda CalCal&#8217;a kaydedin ve hesaplar\u0131n\u0131z her zaman g\u00fcncel kals\u0131n.[\/vc_toggle][vc_toggle title=&#8221;5 TEDARIK\u00c7IYE kadar&#8221;]Tedarik\u00e7ilerinize ne kadar borcunuz oldu\u011funu takip etmenizi sa\u011flar.\r\n\r\nSat\u0131n alma esnas\u0131nda tam odeme yapt\u0131ysan\u0131z, harcamalar\u0131 takip etmek i\u00e7in m\u00fc\u015fteri eklemenize gerek yoktur.[\/vc_toggle][vc_toggle title=&#8221;5 DEM\u0130RBA\u015eA Takip Et&#8221;]<pre id=\"tw-target-text\" data-placeholder=\"Translation\" data-fulltext=\"\">Vergi memurlar\u0131 i\u015f i\u00e7in sat\u0131n ald\u0131\u011f\u0131n\u0131z\r\nbir tak\u0131m e\u015fyalara kar\u015f\u0131l\u0131k \u00f6denek talep\r\netmenize olanak sa\u011flar. <a href=\"https:\/\/calcal.uk\/help\/webapp\/transactions\/assets\/\">Sermaye \u00d6denekleri<\/a>\r\nad\u0131 alt\u0131nda, ald\u0131\u011f\u0131n\u0131z ara\u00e7-gere\u00e7ler,\r\nta\u015f\u0131t ara\u00e7lar\u0131 vb harcamalar\u0131n\u0131z\u0131n\r\nya t\u00fcm\u00fcn\u00fc ya da bir k\u0131sm\u0131n\u0131 y\u0131ll\u0131k \r\nkar\u0131n\u0131zdan d\u00fc\u015fmenize izin verilir.<\/pre>[\/vc_toggle][vc_btn title=&#8221;Daha fazla bilgi i\u00e7in&#8230;&#8221; link=&#8221;url:https%3A%2F%2Fcalcal.uk%2Ftr%2Fkucuk-isletmeler-icin-ucretsiz-seviye-ucretsiz-muhasebe%2F|&#8221;][\/vc_tta_section][vc_tta_section i_icon_fontawesome=&#8221;fa fa-battery-three-quarters&#8221; add_icon=&#8221;true&#8221; title=&#8221;S\u0131n\u0131rs\u0131z&#8221; tab_id=&#8221;1505984059793-549b8435-4612e6a1-3264&#8243;][vc_text_separator title=&#8221;From just \u00a310 per month \/ \u00a3100 per year&#8221;][vc_toggle title=&#8221;M\u00dc\u015eTER\u0130LER &#8211; Fatura ve Ekstresler&#8221;]M\u00fc\u015fterilerinize fatura ve ekstres yollay\u0131n. \u00d6deme yapt\u0131klar\u0131nda CalCal&#8217;a kaydedin ve hesaplar\u0131n\u0131z her zaman g\u00fcncel kals\u0131n.[\/vc_toggle][vc_toggle title=&#8221;TEDAR\u0130K\u00c7\u0130LER &#8211; \u0130leti\u015fim Bilgileri ve Ekstresler&#8221;]Tedarik\u00e7ilerinize ne kadar borcunuz oldu\u011funu takip etmenizi sa\u011flar.\r\n\r\nSat\u0131n alma esnas\u0131nda tam odeme yapt\u0131ysan\u0131z, harcamalar\u0131 takip etmek i\u00e7in m\u00fc\u015fteri eklemenize gerek yoktur.[\/vc_toggle][vc_toggle title=&#8221;VARLIKLAR &#8211; Sermaye \u0130ndirimi ve Amortisman&#8221;]Vergi memurlar\u0131 i\u015f i\u00e7in sat\u0131n ald\u0131\u011f\u0131n\u0131z bir tak\u0131m e\u015fyalara kar\u015f\u0131l\u0131k \u00f6denek talep etmenize olanak sa\u011flar. Sermaye \u00d6denekleri ad\u0131 alt\u0131nda, ald\u0131\u011f\u0131n\u0131z ara\u00e7-gere\u00e7ler, ta\u015f\u0131t ara\u00e7lar\u0131 vb harcamalar\u0131n\u0131z\u0131n ya t\u00fcm\u00fcn\u00fcn ya da bir k\u0131sm\u0131n\u0131n y\u0131ll\u0131k kar\u0131n\u0131zdan d\u00fc\u015fmenize izin verilir.\r\n\r\nSadece varl\u0131klar\u0131 sat\u0131n al\u0131rken, onlar\u0131 kaydedin ve CalCal otomatik olarak gerekli miktar\u0131 y\u0131ll\u0131k kar\u0131n\u0131zdan indirecektir. \u00a0Varl\u0131klar\u0131n\u0131z\u0131n ger\u00e7ek\u00a0 de\u011ferlerini ayr\u0131 olarak g\u00f6sterip , i\u015finizin nas\u0131l gitti\u011fini takip etmenize olanak sa\u011flar.[\/vc_toggle][vc_toggle title=&#8221;Banka Estresi&#8221;]Giri\u015f ve \u00e7\u0131k\u0131\u015f i\u015flemlerinizi, s\u00fcr\u00fckle ve b\u0131rak arac\u0131yla, do\u011frudan banka hesab\u0131n\u0131zdan CalCal&#8217;\u0131n kay\u0131tlar\u0131yla e\u015fle\u015ftirin. <u><a href=\"\/?page_id=1340\">Banka\u00a0hesap hareketlerini CalCal kay\u0131tlar\u0131yla <\/a> e\u015fle\u015ftirebilmeniz\u00a0 <\/u>i\u00e7in \u00f6nde gelen firma Saltedge&#8217;le ortakl\u0131k kurduk.[\/vc_toggle][vc_toggle title=&#8221;\u00d6z de\u011ferlendirme (Self-Assessment) Raporu G\u00f6nderme&#8221;]\u015eah\u0131s\u00a0\u015eirketleri \u0130\u00e7in: CalCal\u00a0\u00d6z De\u011ferlendirme (self-assessment) raporunuzu sizin yerinize doldurur ve size formunuzu sadece birka\u00e7 klikle CalCal aplikasyonu \u00fczerinden direkt olarak HMRC&#8217;ye g\u00f6nderme imkan\u0131 verir![\/vc_toggle][\/vc_tta_section][\/vc_tta_tour][\/vc_column][\/vc_row][vc_row][vc_column][vc_btn title=&#8221;Daha Fazla \u00d6zellikler&#8230;&#8221; style=&#8221;flat&#8221; color=&#8221;orange&#8221; align=&#8221;center&#8221; link=&#8221;url:https%3A%2F%2Fcalcal.uk%2Ftr%2Fcalcalin-bazi-ozellikleri%2F|&#8221;][vc_cta h2=&#8221;\u015eah\u0131s \u015eirketleri  ve Limited \u015eirketleri \u0130\u00e7in&#8221;]<pre data-placeholder=\"Translation\" data-fulltext=\"\">Tek ba\u015f\u0131n\u0131za m\u0131 ticaret yap\u0131yorsunuz, yoksa bir \u015firket olarak m\u0131?<\/pre>\r\nCalCal her ikisi i\u00e7in de i\u015fe yarar, \u00fcstelik \u00fccretsizdir. \u015eahsi t\u00fcccarlara \u00d6z De\u011ferlendirme (self-assessment) raporlar\u0131 i\u00e7in bir vergi tahmin raporu, Limited \u015eirketlere de kurumlar vergisi i\u00e7in tahmini bir rapor temin edilir. Kar ve zarar raporlar\u0131 \u015firketinizin kar ve zarar durumunu raporlar\u0131 incelemeniz i\u00e7in halihaz\u0131rdad\u0131r.[\/vc_cta][\/vc_column][\/vc_row]<\/div>","protected":false},"excerpt":{"rendered":"[vc_row full_width=&#8221;stretch_row&#8221; css=&#8221;.vc_custom_1434538871508{margin-bottom: 0px !important;}&#8221;][vc_column width=&#8221;1\/3&#8243;][vc_custom_heading text=&#8221;Kolay Bulut Muhasebe&#8221; use_theme_fonts=&#8221;yes&#8221;][vc_column_text]CalCal&#8217;la, kendi hesaplar\u0131n\u0131z\u0131 tutmak karma\u015f\u0131k olmak zorunda de\u011fildir. Yaln\u0131zca sat\u0131\u015f ve giderlerinizi benzersiz takvim aray\u00fczl\u00fc oturumumuza kaydetmeniz benzersiz takvim aray\u00fczl\u00fc oturumumuza\u00a0yeterli ve CalCal sizi vergi faturas\u0131 i\u00e7in kenarda tutman\u0131z gereken miktar ve nakit ak\u0131\u015f\u0131n\u0131z\u0131n durumu hakk\u0131nda bilgilendirecektir.[\/vc_column_text][\/vc_column][vc_column width=&#8221;1\/3&#8243;][vc_single_image image=&#8221;1126&#8243; img_size=&#8221;full&#8221; css=&#8221;.vc_custom_1475570269840{padding-top: 15px !important;}&#8221;][\/vc_column][vc_column width=&#8221;1\/3&#8243;][vc_custom_heading text=&#8221;\u0130\u015finiz \u0130\u00e7in&#8221; &#8230; <a title=\"S\u0131n\u0131rs\u0131z Seviye\" class=\"read-more\" href=\"https:\/\/calcal.uk\/tr\/sinirsiz-seviye\/\" aria-label=\"Read more about S\u0131n\u0131rs\u0131z Seviye\">Read more<\/a>","protected":false},"author":271,"featured_media":0,"parent":0,"menu_order":0,"comment_status":"closed","ping_status":"closed","template":"","meta":{"pmpro_default_level":"","footnotes":""},"class_list":{"0":"post-1989","1":"page","2":"type-page","3":"status-publish","5":"infinite-scroll-item","6":"pmpro-has-access"},"_links":{"self":[{"href":"https:\/\/calcal.uk\/tr\/wp-json\/wp\/v2\/pages\/1989","targetHints":{"allow":["GET"]}}],"collection":[{"href":"https:\/\/calcal.uk\/tr\/wp-json\/wp\/v2\/pages"}],"about":[{"href":"https:\/\/calcal.uk\/tr\/wp-json\/wp\/v2\/types\/page"}],"author":[{"embeddable":true,"href":"https:\/\/calcal.uk\/tr\/wp-json\/wp\/v2\/users\/271"}],"replies":[{"embeddable":true,"href":"https:\/\/calcal.uk\/tr\/wp-json\/wp\/v2\/comments?post=1989"}],"version-history":[{"count":55,"href":"https:\/\/calcal.uk\/tr\/wp-json\/wp\/v2\/pages\/1989\/revisions"}],"predecessor-version":[{"id":4284,"href":"https:\/\/calcal.uk\/tr\/wp-json\/wp\/v2\/pages\/1989\/revisions\/4284"}],"wp:attachment":[{"href":"https:\/\/calcal.uk\/tr\/wp-json\/wp\/v2\/media?parent=1989"}],"curies":[{"name":"wp","href":"https:\/\/api.w.org\/{rel}","templated":true}]}}